{"id":922,"date":"2024-06-14T20:46:50","date_gmt":"2024-06-14T18:46:50","guid":{"rendered":"https:\/\/itzgarmu.mugaritz.com\/reservations\/"},"modified":"2024-06-27T19:08:07","modified_gmt":"2024-06-27T17:08:07","slug":"reservations","status":"publish","type":"page","link":"https:\/\/itzgarmu.mugaritz.com\/fr\/reservations\/","title":{"rendered":"R\u00e9servations"},"content":{"rendered":"<div  class='flex_column av-8st0l-980c2c739d52f01c5343a83abd779c5a av_one_full  avia-builder-el-0  el_before_av_one_full  avia-builder-el-first  first flex_column_div  '     ><p>\n<style type=\"text\/css\" data-created_by=\"avia_inline_auto\" id=\"style-css-av-lxf1deoe-7466139a0d3009ea6ed990924c1e7fbe\">\n\n@media only screen and (min-width: 480px) and (max-width: 767px){ \n#top .av_textblock_section.av-lxf1deoe-7466139a0d3009ea6ed990924c1e7fbe .avia_textblock{\nfont-size:34px;\n}\n}\n\n@media only screen and (max-width: 479px){ \n#top .av_textblock_section.av-lxf1deoe-7466139a0d3009ea6ed990924c1e7fbe .avia_textblock{\nfont-size:34px;\n}\n}\n<\/style>\n<section  class='av_textblock_section av-lxf1deoe-7466139a0d3009ea6ed990924c1e7fbe '   itemscope=\"itemscope\" itemtype=\"https:\/\/schema.org\/CreativeWork\" ><div class='av-medium-hide av-small-hide av-mini-hide avia_textblock'  itemprop=\"text\" ><p><a href=\"https:\/\/itzgarmu.mugaritz.com\/fr\/itzgarmu\/\"><strong><span style=\"font-size: 140pt\">ITZGARMU<\/span><\/strong><\/a><\/p>\n<\/div><\/section><br \/>\n\n<style type=\"text\/css\" data-created_by=\"avia_inline_auto\" id=\"style-css-av-lxk386bc-9b06f3dd7e7540c07d53c15774a64a69\">\n\n@media only screen and (min-width: 480px) and (max-width: 767px){ \n#top .av_textblock_section.av-lxk386bc-9b06f3dd7e7540c07d53c15774a64a69 .avia_textblock{\nfont-size:34px;\n}\n}\n\n@media only screen and (max-width: 479px){ \n#top .av_textblock_section.av-lxk386bc-9b06f3dd7e7540c07d53c15774a64a69 .avia_textblock{\nfont-size:34px;\n}\n}\n<\/style>\n<section  class='av_textblock_section av-lxk386bc-9b06f3dd7e7540c07d53c15774a64a69 '   itemscope=\"itemscope\" itemtype=\"https:\/\/schema.org\/CreativeWork\" ><div class='av-desktop-hide av-small-hide av-mini-hide avia_textblock'  itemprop=\"text\" ><p><a href=\"https:\/\/itzgarmu.mugaritz.com\/fr\/itzgarmu\/\"><strong><span style=\"font-size: 100pt\">ITZGARMU<\/span><\/strong><\/a><\/p>\n<\/div><\/section><br \/>\n\n<style type=\"text\/css\" data-created_by=\"avia_inline_auto\" id=\"style-css-av-lximd6zr-b8cfbf93eef7830711c38f7c2310438c\">\n\n@media only screen and (min-width: 480px) and (max-width: 767px){ \n#top .av_textblock_section.av-lximd6zr-b8cfbf93eef7830711c38f7c2310438c .avia_textblock{\nfont-size:34px;\n}\n}\n\n@media only screen and (max-width: 479px){ \n#top .av_textblock_section.av-lximd6zr-b8cfbf93eef7830711c38f7c2310438c .avia_textblock{\nfont-size:34px;\n}\n}\n<\/style>\n<section  class='av_textblock_section av-lximd6zr-b8cfbf93eef7830711c38f7c2310438c '   itemscope=\"itemscope\" itemtype=\"https:\/\/schema.org\/CreativeWork\" ><div class='av-desktop-hide av-medium-hide avia_textblock'  itemprop=\"text\" ><p><a href=\"https:\/\/itzgarmu.mugaritz.com\/fr\/itzgarmu\/\"><strong><span style=\"font-size: 40pt\">ITZGARMU<\/span><\/strong><\/a><\/p>\n<\/div><\/section><\/p><\/div>\n<div  class='flex_column av-axysl-95b52ef8a25c53fe6d6d495f573e938d av_one_full  avia-builder-el-4  el_after_av_one_full  el_before_av_one_full  first flex_column_div  column-top-margin'     ><p><section  class='av_textblock_section av-lxk3ag18-0666c843938d6408e0c3ee1a08f80ea5 '   itemscope=\"itemscope\" itemtype=\"https:\/\/schema.org\/CreativeWork\" ><div class='av-medium-hide av-small-hide av-mini-hide avia_textblock'  itemprop=\"text\" ><p><span style=\"font-size: 40pt\">Vous \u00eates sur le point d\u2019effectuer une r\u00e9servation pour ITZGARMU.<\/span><\/p>\n<\/div><\/section><br \/>\n<section  class='av_textblock_section av-lxk3cnwi-5cd901ae0518ff3f8e016c97da41bc89 '   itemscope=\"itemscope\" itemtype=\"https:\/\/schema.org\/CreativeWork\" ><div class='av-desktop-hide av-small-hide av-mini-hide avia_textblock'  itemprop=\"text\" ><p><span style=\"font-size: 34pt\">Vous \u00eates sur le point d\u2019effectuer une r\u00e9servation pour ITZGARMU.<\/span><\/p>\n<\/div><\/section><br \/>\n<section  class='av_textblock_section av-lxk3cw0n-07bb989f71df9059183df791efd02a70 '   itemscope=\"itemscope\" itemtype=\"https:\/\/schema.org\/CreativeWork\" ><div class='av-desktop-hide av-medium-hide avia_textblock'  itemprop=\"text\" ><p><span style=\"font-size: 24pt\">Vous \u00eates sur le point d\u2019effectuer une r\u00e9servation pour ITZGARMU.<\/span><\/p>\n<\/div><\/section><br \/>\n\n<style type=\"text\/css\" data-created_by=\"avia_inline_auto\" id=\"style-css-av-lxf1eiyr-67dc676a0ccdb82b6067c75899770eee\">\n\n@media only screen and (min-width: 990px){ \n#top .av_textblock_section.av-lxf1eiyr-67dc676a0ccdb82b6067c75899770eee .avia_textblock{\nfont-size:30px;\n}\n}\n\n@media only screen and (min-width: 768px) and (max-width: 989px){ \n#top .av_textblock_section.av-lxf1eiyr-67dc676a0ccdb82b6067c75899770eee .avia_textblock{\nfont-size:24px;\n}\n}\n\n@media only screen and (min-width: 480px) and (max-width: 767px){ \n#top .av_textblock_section.av-lxf1eiyr-67dc676a0ccdb82b6067c75899770eee .avia_textblock{\nfont-size:24px;\n}\n}\n\n@media only screen and (max-width: 479px){ \n#top .av_textblock_section.av-lxf1eiyr-67dc676a0ccdb82b6067c75899770eee .avia_textblock{\nfont-size:24px;\n}\n}\n<\/style>\n<section  class='av_textblock_section av-lxf1eiyr-67dc676a0ccdb82b6067c75899770eee '   itemscope=\"itemscope\" itemtype=\"https:\/\/schema.org\/CreativeWork\" ><div class='avia_textblock'  itemprop=\"text\" ><p>Veuillez tenir compte des points suivants avant de poursuivre :<\/p>\n<p><strong>ITZGARMU <\/strong> aura lieu les <strong>26 et 27 octobre<\/strong> (vous pouvez choisir sur le calendrier \u00e0 quelle date vous souhaitez venir). Horaires : de <strong>12 h<\/strong> \u00e0 <strong>17 h <\/strong> environ. En cas d&rsquo;indisponibilit\u00e9, vous pouvez vous ajouter \u00e0 la liste d&rsquo;attente.<\/p>\n<p>Le paiement de <strong> l\u2019exp\u00e9rience<\/strong> compl\u00e8te sera effectu\u00e9 \u00e0 l\u2019avance. Le prix final, comprenant boisson et harmonie Vis \u00e0 Vis, est de 660 euros par personne (TVA comprise). Outre le menu de la saison 2024, des surprises, des prototypes de la saison 2025 et diff\u00e9rentes exp\u00e9rimentations vous attendront.<\/p>\n<p><strong>Langue <\/strong> : l\u2019exp\u00e9rience sera uniquement en espagnol.<\/p>\n<p><strong>Allergies ou intol\u00e9rances<\/strong> : \u00c9tant donn\u00e9 la complexit\u00e9 de l\u2019action, il ne sera pas possible de s&rsquo;adapter aux allergies ou intol\u00e9rances (si vous faites l&rsquo;objet d&rsquo;une restriction, veuillez nous en informer \u00e0 l\u2019avance pour que nous puissions vous indiquer si vous devez \u00e9viter un plat du menu).<\/p>\n<p>Durant cette exp\u00e9rience, la r\u00e8gle g\u00e9n\u00e9rale sera <strong>l\u2019interaction<\/strong>, que ce soit entre convives, entre tables ou avec la propre \u00e9quipe de Mugaritz. Il est possible de grouper les r\u00e9servations et de partager l\u2019exp\u00e9rience sur la table avec d&rsquo;autres convives.<\/p>\n<p><strong>Nous vous attendons avec impatience.<\/strong><\/p>\n<\/div><\/section><\/p><\/div>\n\n<style type=\"text\/css\" data-created_by=\"avia_inline_auto\" id=\"style-css-av-fsvv1-32bc1aee2ccd12dc886d6a89f33c800c\">\n#top .flex_column.av-fsvv1-32bc1aee2ccd12dc886d6a89f33c800c{\nmargin-top:50px;\nmargin-bottom:50px;\n}\n.responsive #top #wrap_all .flex_column.av-fsvv1-32bc1aee2ccd12dc886d6a89f33c800c{\nmargin-top:50px;\nmargin-bottom:50px;\n}\n<\/style>\n<div  class='flex_column av-fsvv1-32bc1aee2ccd12dc886d6a89f33c800c av_one_full  avia-builder-el-9  el_after_av_one_full  el_before_av_one_full  first flex_column_div  column-top-margin'     ><\/div>\n\n<style type=\"text\/css\" data-created_by=\"avia_inline_auto\" id=\"style-css-av-86yr1-e359bcf3112b08cdf03a580cce058f9a\">\n#top .flex_column.av-86yr1-e359bcf3112b08cdf03a580cce058f9a{\nmargin-top:0px;\nmargin-bottom:50px;\n}\n.responsive #top #wrap_all .flex_column.av-86yr1-e359bcf3112b08cdf03a580cce058f9a{\nmargin-top:0px;\nmargin-bottom:50px;\n}\n<\/style>\n<div  class='flex_column av-86yr1-e359bcf3112b08cdf03a580cce058f9a av_one_full  avia-builder-el-11  el_after_av_one_full  el_before_av_section  avia-builder-el-last  first flex_column_div  column-top-margin'     ><p><section  class='av_textblock_section av-lxf1nci6-573fe90713d80feb5c6c16b7b57a2aec '   itemscope=\"itemscope\" itemtype=\"https:\/\/schema.org\/CreativeWork\" ><div class='av-medium-hide av-small-hide av-mini-hide avia_textblock'  itemprop=\"text\" ><p><strong>Politique d&rsquo;annulation des r\u00e9servations : <\/strong> La r\u00e9servation pourra \u00eatre annul\u00e9e et on proc\u00e9dera au remboursement du montant complet jusqu\u2019\u00e0 1 mois avant la date, c\u2019est-\u00e0-dire, le 26 septembre (compris). \u00c0 partir du 27 septembre, la r\u00e9servation pourra \u00eatre transf\u00e9r\u00e9e \u00e0 des tiers, mais il ne sera pas possible de l\u2019annuler et le remboursement ne pourra pas \u00eatre effectu\u00e9 (sauf cas de force majeure d\u00fbment reconnue).<\/p>\n<p>En cas d\u2019emp\u00eachement, vous pouvez annuler la r\u00e9servation en r\u00e9pondant \u00e0 l\u2019e-mail de confirmation, en \u00e9crivant \u00e0 <a href=\"mailto:mugaritzdelreves@mugaritz.com\"><strong>mugaritzdelreves@mugaritz.com<\/strong><\/a> ou en appelant par t\u00e9l\u00e9phone au <a href=\"tel:+34943522455\"><strong>+ 34 943 522 455.<\/strong><\/a><\/p>\n<\/div><\/section><br \/>\n<section  class='av_textblock_section av-lxksoy5c-a8340d520948a7b73c2d7d41ee19648c '   itemscope=\"itemscope\" itemtype=\"https:\/\/schema.org\/CreativeWork\" ><div class='av-desktop-hide avia_textblock'  itemprop=\"text\" ><p><span style=\"font-size: 16px;line-height: 18px\"><strong>Politique d&rsquo;annulation des r\u00e9servations : <\/strong> La r\u00e9servation pourra \u00eatre annul\u00e9e et on proc\u00e9dera au remboursement du montant complet jusqu\u2019\u00e0 1 mois avant la date, c\u2019est-\u00e0-dire, le 26 septembre (compris). \u00c0 partir du 27 septembre, la r\u00e9servation pourra \u00eatre transf\u00e9r\u00e9e \u00e0 des tiers, mais il ne sera pas possible de l\u2019annuler et le remboursement ne pourra pas \u00eatre effectu\u00e9 (sauf cas de force majeure d\u00fbment reconnue).<\/span><\/p>\n<p><span style=\"font-size: 16px;line-height: 18px\">En cas d\u2019emp\u00eachement, vous pouvez annuler la r\u00e9servation en r\u00e9pondant \u00e0 l\u2019e-mail de confirmation, en \u00e9crivant \u00e0 <a href=\"mailto:mugaritzdelreves@mugaritz.com\"><strong>mugaritzdelreves@mugaritz.com<\/strong><\/a> ou en appelant par t\u00e9l\u00e9phone au <a href=\"tel:+34943522455\"><strong>+ 34 943 522 455.<\/strong><\/a><\/span><\/p>\n<\/div><\/section><\/p><\/div><\/div><\/div><\/div><!-- close content main div --><\/div><\/div>\n<style type=\"text\/css\" data-created_by=\"avia_inline_auto\" id=\"style-css-av-lxf1xhja-22db763867b12ddcc5b210ff452c961b\">\n.avia-section.av-lxf1xhja-22db763867b12ddcc5b210ff452c961b{\nbackground-color:#000000;\nbackground-image:unset;\n}\n<\/style>\n<div id='av_section_1'  class='avia-section av-lxf1xhja-22db763867b12ddcc5b210ff452c961b main_color avia-section-default avia-no-border-styling  avia-builder-el-14  el_after_av_one_full  el_before_av_section  av-small-hide av-mini-hide avia-bg-style-scroll av-minimum-height av-minimum-height-custom av-height-custom  av-section-with-video-bg container_wrap fullsize'   data-av_minimum_height_px='700' data-section-video-ratio='4:3'><div  class='avia-slideshow av_slideshow_obj-1-69fcfea69f485 avia-slideshow-featured av_slideshow avia-slide-slider av-slideshow-ui av-control-default av-slideshow-manual av-loop-once av-loop-manual-endless av-default-height-applied  av-section-video-bg avia-slideshow-1' data-slideshow-options=\"{&quot;animation&quot;:&quot;slide&quot;,&quot;autoplay&quot;:false,&quot;loop_autoplay&quot;:&quot;once&quot;,&quot;interval&quot;:5,&quot;loop_manual&quot;:&quot;manual-endless&quot;,&quot;autoplay_stopper&quot;:false,&quot;noNavigation&quot;:false,&quot;bg_slider&quot;:false,&quot;keep_padding&quot;:false,&quot;hoverpause&quot;:false,&quot;show_slide_delay&quot;:0}\"  itemprop=\"image\" itemscope=\"itemscope\" itemtype=\"https:\/\/schema.org\/ImageObject\" ><ul class='avia-slideshow-inner ' style='padding-bottom: 28.666666666667%;'><li  data-controls='disabled' data-mute='aviaTBaviaTBvideo_mute' data-loop='1' data-disable-autoplay=''  data-video-ratio='1.3333333333333' class='avia-slideshow-slide av_slideshow_obj-1-69fcfea69f485__0  av-video-slide  av-video-service-html5  av-hide-video-controls av-mute-video av-loop-video  av-single-slide slide-1 slide-odd'><div data-rel='slideshow-1' class='avia-slide-wrap '    itemprop=\"video\" itemtype=\"https:\/\/schema.org\/VideoObject\" ><div class='av-click-overlay'><\/div><video class='avia_video'  autoplay playsinline loop preload=\"metadata\" muted  id='player_922_1965076636_2042376616'><source src=\"https:\/\/itzgarmu.mugaritz.com\/wp-content\/uploads\/2024\/05\/04-footer.mp4\" type=\"video\/mp4\" \/><\/video><div class=\"av-click-to-play-overlay\"><div class=\"avia_playpause_icon\"><\/div><\/div><\/div><\/li><\/ul><\/div><div class='container av-section-cont-open' style='height:700px'><div class='template-page content  av-content-full alpha units'><div class='post-entry post-entry-type-page post-entry-922'><div class='entry-content-wrapper clearfix'>\n<div  class='flex_column av-erb8l-9a93678e35ff88bdfba6094234213812 av_one_third  avia-builder-el-15  el_before_av_two_third  avia-builder-el-first  first flex_column_div  '     ><section  class='av_textblock_section av-lxf1zkey-e9eddf335c652ef1ef92ad9c2edaee0f '   itemscope=\"itemscope\" itemtype=\"https:\/\/schema.org\/CreativeWork\" ><div class='avia_textblock'  itemprop=\"text\" ><p><span style=\"color: #ffffff\"><a style=\"color: #ffffff\" href=\"https:\/\/www.mugaritz.com\/\" target=\"_blank\" rel=\"noopener\"><span style=\"font-size: 16pt\">Mugaritz<br \/>\n<\/span><\/a><a style=\"color: #ffffff\" href=\"https:\/\/itzgarmu.mugaritz.com\/fr\/reservations\/\"><span style=\"font-size: 16pt\">R\u00e9servation Itzgarmu<br \/>\n<\/span><\/a><span style=\"font-size: 16pt\"><a style=\"color: #ffffff\" href=\"mailto:mugaritzdelreves@mugaritz.com\" target=\"_blank\" rel=\"noopener\">Contact<\/a><br \/>\n<\/span><a style=\"color: #ffffff\" href=\"https:\/\/www.mugaritz.com\/es\/contenidos\/politica-privacidad\/co-999\/\" target=\"_blank\" rel=\"noopener\"><span style=\"font-size: 21.3333px\">Avis Juridique<\/span><\/a><\/span><\/p>\n<\/div><\/section><\/div><div  class='flex_column av-auuwt-fb48cd06a232d336b2f3975760918bd5 av_two_third  avia-builder-el-17  el_after_av_one_third  avia-builder-el-last  flex_column_div  '     ><\/div>\n<\/p>\n<\/div><\/div><\/div><!-- close content main div --><\/div><\/div>\n<style type=\"text\/css\" data-created_by=\"avia_inline_auto\" id=\"style-css-av-lxf25oql-edf9ae64d46bee4c365f28291c113f71\">\n.avia-section.av-lxf25oql-edf9ae64d46bee4c365f28291c113f71{\nbackground-color:#000000;\nbackground-image:unset;\n}\n<\/style>\n<div id='av_section_2'  class='avia-section av-lxf25oql-edf9ae64d46bee4c365f28291c113f71 main_color avia-section-default avia-no-border-styling  avia-builder-el-18  el_after_av_section  avia-builder-el-last  av-desktop-hide av-medium-hide avia-bg-style-scroll av-minimum-height av-minimum-height-custom av-height-custom  container_wrap fullsize'   data-av_minimum_height_px='700'><div class='container av-section-cont-open' style='height:700px'><div class='template-page content  av-content-full alpha units'><div class='post-entry post-entry-type-page post-entry-922'><div class='entry-content-wrapper clearfix'>\n<div  class='flex_column av-qc8hx-6bcc5cfc18eef656f453239d05a88a8c av_one_third  avia-builder-el-19  el_before_av_one_third  avia-builder-el-first  first flex_column_div  '     ><section  class='av_textblock_section av-mogo5-382f9e2a89d0c414989bbc0541077e68 '   itemscope=\"itemscope\" itemtype=\"https:\/\/schema.org\/CreativeWork\" ><div class='avia_textblock'  itemprop=\"text\" ><p style=\"text-align: center\"><span style=\"color: #ffffff\"><a style=\"color: #ffffff\" href=\"https:\/\/www.mugaritz.com\/\" target=\"_blank\" rel=\"noopener\"><span style=\"font-size: 16pt\">Mugaritz<br \/>\n<\/span><\/a><a style=\"color: #ffffff\" href=\"https:\/\/itzgarmu.mugaritz.com\/fr\/reservations\/\"><span style=\"font-size: 16pt\">R\u00e9servation Itzgarmu<br \/>\n<\/span><\/a><span style=\"font-size: 16pt\"><a style=\"color: #ffffff\" href=\"mailto:mugaritzdelreves@mugaritz.com\" target=\"_blank\" rel=\"noopener\">Contact<\/a><br \/>\n<\/span><a style=\"color: #ffffff\" href=\"https:\/\/www.mugaritz.com\/es\/contenidos\/politica-privacidad\/co-999\/\" target=\"_blank\" rel=\"noopener\"><span style=\"font-size: 21.3333px\">Avis Juridique<\/span><\/a><\/span><\/p>\n<\/div><\/section><\/div><div  class='flex_column av-hrw6t-b0e04bc5bd232f1ed0dd53ffee2da6f6 av_one_third  avia-builder-el-21  el_after_av_one_third  el_before_av_one_third  flex_column_div  '     ><style type=\"text\/css\" data-created_by=\"avia_inline_auto\" id=\"style-css-av-lxf26r6v-267c1205a58c684fd58b4d33b5cc41c5\">\n.avia-video.av-lxf26r6v-267c1205a58c684fd58b4d33b5cc41c5{\npadding-bottom:178%;\n}\n<\/style>\n<div  class='avia-video av-lxf26r6v-267c1205a58c684fd58b4d33b5cc41c5 avia-video-custom av-no-preview-image avia-video-load-always avia-video-html5'  itemprop=\"video\" itemtype=\"https:\/\/schema.org\/VideoObject\"  data-original_url='https:\/\/itzgarmu.mugaritz.com\/wp-content\/uploads\/2024\/06\/4.FOOTER_MUGARITZ_ANIMACION_VERTIAL.mp4'><video class='avia_video'  autoplay playsinline loop preload=\"metadata\" muted  id='player_922_1342697677_1693336451'><source src='https:\/\/itzgarmu.mugaritz.com\/wp-content\/uploads\/2024\/06\/4.FOOTER_MUGARITZ_ANIMACION_VERTIAL.mp4' type='video\/mp4' \/><\/video><\/div><\/div><div  class='flex_column av-afvk5-1c7b1a590b44a2d66d75cee2248bf33d av_one_third  avia-builder-el-23  el_after_av_one_third  avia-builder-el-last  flex_column_div  '     ><\/div>\n\n","protected":false},"excerpt":{"rendered":"","protected":false},"author":2,"featured_media":0,"parent":0,"menu_order":0,"comment_status":"closed","ping_status":"closed","template":"","meta":{"om_disable_all_campaigns":false,"_monsterinsights_skip_tracking":false,"_monsterinsights_sitenote_active":false,"_monsterinsights_sitenote_note":"","_monsterinsights_sitenote_category":0,"footnotes":""},"class_list":["post-922","page","type-page","status-publish","hentry"],"aioseo_notices":[],"_links":{"self":[{"href":"https:\/\/itzgarmu.mugaritz.com\/fr\/wp-json\/wp\/v2\/pages\/922"}],"collection":[{"href":"https:\/\/itzgarmu.mugaritz.com\/fr\/wp-json\/wp\/v2\/pages"}],"about":[{"href":"https:\/\/itzgarmu.mugaritz.com\/fr\/wp-json\/wp\/v2\/types\/page"}],"author":[{"embeddable":true,"href":"https:\/\/itzgarmu.mugaritz.com\/fr\/wp-json\/wp\/v2\/users\/2"}],"replies":[{"embeddable":true,"href":"https:\/\/itzgarmu.mugaritz.com\/fr\/wp-json\/wp\/v2\/comments?post=922"}],"version-history":[{"count":33,"href":"https:\/\/itzgarmu.mugaritz.com\/fr\/wp-json\/wp\/v2\/pages\/922\/revisions"}],"predecessor-version":[{"id":1149,"href":"https:\/\/itzgarmu.mugaritz.com\/fr\/wp-json\/wp\/v2\/pages\/922\/revisions\/1149"}],"wp:attachment":[{"href":"https:\/\/itzgarmu.mugaritz.com\/fr\/wp-json\/wp\/v2\/media?parent=922"}],"curies":[{"name":"wp","href":"https:\/\/api.w.org\/{rel}","templated":true}]}}